{"id":7,"date":"2024-01-25T16:26:26","date_gmt":"2024-01-25T16:26:26","guid":{"rendered":"https:\/\/www.bluefirespecialty.com\/es\/?page_id=7"},"modified":"2024-02-12T14:36:34","modified_gmt":"2024-02-12T14:36:34","slug":"condiciones-de-uso","status":"publish","type":"page","link":"https:\/\/www.bluefirespecialty.com\/es\/condiciones-de-uso\/","title":{"rendered":"Condiciones de Uso"},"content":{"rendered":"\n<p>El uso de este sitio web est\u00e1 expresamente condicionado a su aceptaci\u00f3n de estos T\u00e9rminos de Uso. Si no est\u00e1 de acuerdo con alguna parte de los T\u00e9rminos de Uso, no utilice este sitio web. Usted debe tener por lo menos 18 a\u00f1os de edad para usar este sitio web. El uso de este sitio web y su aceptaci\u00f3n de estos T\u00e9rminos de Uso aseguran y declaran que usted es mayor de 18 a\u00f1os. Al aceptar estos T\u00e9rminos de uso y usar este sitio web, est\u00e1 renunciando a ciertos derechos legales, incluyendo el derecho de interponer una demanda en un juzgado o participar en una demanda colectiva, y est\u00e1 aceptando la v\u00eda de arbitraje individual vinculante y obligatorio para resolver todas las demandas y conflictos, seg\u00fan lo dispuesto en la secci\u00f3n \u201cResoluci\u00f3n de conflictos (Convenio de arbitraje)\u201d a continuaci\u00f3n.<\/p>\n\n\n\n<h2 class=\"wp-block-heading\">Licencia de uso de sitio web<\/h2>\n\n\n\n<p>Salvo cuando se indique lo contrario, todos los materiales contenidos en este sitio web son propiedad registrada y exclusiva de <strong>Bluefire Specialty Insurance<\/strong> (en adelante denominada <strong>\u201cBluefire Specialty\u201d<\/strong>), sus compa\u00f1\u00edas filiales y\/o quienes le otorgan las licencias. El logo de <strong>Bluefire Specialty<\/strong>, todas las dem\u00e1s marcas de servicio y los nombres de diversos productos y servicios descritos son marcas de servicio de <strong>Bluefire Specialty<\/strong> o sus filiales.<\/p>\n\n\n\n<p>Salvo lo dispuesto expresamente en la presente, usted no deber\u00e1 usar ninguna porci\u00f3n de este sitio web, ni de ninguna otra propiedad intelectual de <strong>Bluefire Specialty<\/strong> (incluyendo a t\u00edtulo enunciativo, m\u00e1s no limitativo, marcas de servicio de <strong>Bluefire Specialty<\/strong>) en otros sitios web, en el c\u00f3digo fuente de otro sitio web, ni en otros materiales impresos o electr\u00f3nicos. Salvo lo dispuesto expresamente en el presente, usted no deber\u00e1 modificar, publicar, reproducir, republicar, crear obras derivadas, copiar, cargar, enviar, transmitir, distribuir ni usar de cualquier otra manera el contenido de este sitio web ni incluir este sitio web dentro de otro sitio web sin nuestra previa autorizaci\u00f3n por escrito. Se proh\u00edbe la recuperaci\u00f3n sistem\u00e1tica de datos u otro contenido de este sitio para crear o compilar, directa o indirectamente, una recolecci\u00f3n, compilaci\u00f3n, base de datos o directorio, sin previa autorizaci\u00f3n por escrito de <strong>Bluefire Specialty<\/strong>.<\/p>\n\n\n\n<p>Usted no deber\u00e1: Republicar material de este sitio web (incluyendo la re-publicaci\u00f3n en otro sitio web); Vender, alquilar o sub-licenciar material de este sitio web; Mostrar material de este sitio web en p\u00fablico; Reproducir, duplicar, copiar o de cualquier otra manera usar este sitio web para prop\u00f3sitos comerciales; Editar o modificar de cualquier otra manera el material en el sitio web; o Redistribuir material del mismo.<\/p>\n\n\n\n<h2 class=\"wp-block-heading\">Uso aceptable<\/h2>\n\n\n\n<p>No deber\u00e1 usar este sitio web de ninguna manera que ocasione, o pueda ocasionar, da\u00f1o al sitio web o deterioro de la disponibilidad o accesibilidad del sitio web; o de cualquier manera que sea ilegal, il\u00edcita, fraudulenta o da\u00f1ina, o en conexi\u00f3n con prop\u00f3sitos o actividades ilegales, il\u00edcitas, fraudulentas o da\u00f1inas.<\/p>\n\n\n\n<p>No deber\u00e1 usar este sitio web para copiar, almacenar, alojar, transmitir, enviar, usar, publicar o distribuir material que constituya (o est\u00e9 vinculado a) spyware, virus de computadora, troyano, gusano inform\u00e1tico, llave rompedora de registros o keylogger, rootkit u otro software inform\u00e1tico malintencionado.<\/p>\n\n\n\n<p>No deber\u00e1 conducir actividades de recopilaci\u00f3n de datos sistem\u00e1ticas o automatizadas (incluyendo a t\u00edtulo enunciativo m\u00e1s no limitativo, raspado, miner\u00eda de datos, extracci\u00f3n de datos y recolecci\u00f3n de datos) de o en relaci\u00f3n con este sitio web sin el consentimiento escrito expreso de <strong>Bluefire Specialty<\/strong>.<\/p>\n\n\n\n<p>No deber\u00e1 usar este sitio web para transmitir o enviar comunicaciones comerciales no solicitadas. No deber\u00e1 usar este sitio web para prop\u00f3sitos relacionados con mercadeo sin el consentimiento escrito expreso de <strong>Bluefire Specialty<\/strong>.<\/p>\n\n\n\n<h2 class=\"wp-block-heading\">Acceso restringido<\/h2>\n\n\n\n<p>El acceso a ciertas \u00e1reas de este sitio web est\u00e1 restringido. <strong>Bluefire Specialty<\/strong> se reserva el derecho de restringir el acceso a ciertas \u00e1reas de este sitio web, o incluso a la totalidad del sitio web, a discreci\u00f3n de <strong>Bluefire Specialty<\/strong>.<\/p>\n\n\n\n<p>Si <strong>Bluefire Specialty<\/strong> le proporciona un ID de usuario y contrase\u00f1a para permitirle el acceso a \u00e1reas restringidas de este sitio web u otros contenidos o servicios, usted deber\u00e1 asegurarse de que el ID de usuario y contrase\u00f1a sean confidenciales. En este caso, <strong>Bluefire Specialty<\/strong> puede deshabilitar su ID de usuario y contrase\u00f1a a discreci\u00f3n exclusiva de <strong>Bluefire Specialty<\/strong> sin aviso o explicaci\u00f3n.<\/p>\n\n\n\n<h2 class=\"wp-block-heading\">Contenido de usuario<\/h2>\n\n\n\n<p>En los presentes t\u00e9rminos y condiciones, \u201csu contenido de usuario\u201d significa material (incluyendo sin limitaci\u00f3n texto, im\u00e1genes, material auditivo, material de video y material audiovisual) que usted env\u00ede a este sitio web, por cualquier motivo sea cual sea. El contenido de usuario excluye toda la informaci\u00f3n requerida para cotizaciones de seguro espec\u00edficamente determinada en la Pol\u00edtica de Privacidad de <strong>Bluefire Specialty<\/strong>.<\/p>\n\n\n\n<p>Usted otorga a <strong>Bluefire Specialty<\/strong> una licencia mundial, irrevocable, no exclusiva y libre de regal\u00edas para usar, reproducir, adaptar, publicar, traducir y distribuir su contenido de usuario en todos los medios existentes o futuros. Usted tambi\u00e9n otorga a <strong>Bluefire Specialty<\/strong> el derecho de sub-licenciar estos derechos, y el derecho de entablar acciones por violaci\u00f3n a estos derechos.<\/p>\n\n\n\n<p>Su contenido de usuario no deber\u00e1 ser ilegal o il\u00edcito, ni deber\u00e1 violar los derechos legales de terceros, o tener la capacidad de dar lugar a acciones legales ya sea contra usted o <strong>Bluefire Specialty<\/strong> o terceros (en cada caso en virtud de cualquier ley aplicable).<\/p>\n\n\n\n<p>No deber\u00e1 enviar al sitio web contenido de usuario que est\u00e9 o haya estado sujeto a procesos judiciales reales o posibles u otras demandas similares.<\/p>\n\n\n\n<p><strong>Bluefire Specialty<\/strong> se reserva el derecho de editar o remover materiales enviados a este sitio web, o almacenados en los servidores de <strong>Bluefire Specialty<\/strong>, o alojados o publicados en este sitio web.<\/p>\n\n\n\n<h2 class=\"wp-block-heading\">Sin garant\u00edas<\/h2>\n\n\n\n<p>Este sitio web se proporciona \u201ctal cual\u201d sin m\u00e1s declaraciones ni garant\u00edas, expresas o impl\u00edcitas. <strong>Bluefire Specialty<\/strong> no ofrece ninguna garant\u00eda en relaci\u00f3n con este sitio web o con la informaci\u00f3n y materiales proporcionados en este sitio web.<\/p>\n\n\n\n<p>Sin perjuicio a la generalidad del p\u00e1rrafo que antecede, <strong>Bluefire Specialty <\/strong>no garantiza que: este sitio web estar\u00e1 disponible constantemente, o del todo disponible; la informaci\u00f3n en este sitio web sea completa, verdadera, exacta o no enga\u00f1osa; o los productos y servicios anunciados en este sitio web estar\u00e1n disponibles en todo momento.<\/p>\n\n\n\n<p>Nada en este sitio web constituye ni est\u00e1 destinado a constituir consejos de cualquier tipo. Si requiere de consejo o asesor\u00eda en materia legal, financiera o m\u00e9dica, consulte con un profesional apropiado.<\/p>\n\n\n\n<h2 class=\"wp-block-heading\">Bluefire Specialty Insurance<\/h2>\n\n\n\n<p>Al utilizar este sitio web, usted comprende que <strong>Bluefire Specialty Insurance<\/strong> es una agencia de seguro con licencia y autorizaci\u00f3n para operar en California y otros estados. Todos los productos y servicios anunciados o mencionados en este sitio web est\u00e1n sujetos a disponibilidad de aseguradoras no relacionadas con <strong>Bluefire Specialty<\/strong>, y a normas y reglamentos de los distintos estados en donde <strong>Bluefire Specialty<\/strong> opera bajo licencia.<\/p>\n\n\n\n<h2 class=\"wp-block-heading\">Resoluci\u00f3n de conflictos (Convenio de arbitraje)<\/h2>\n\n\n\n<p>Al aceptar estos T\u00e9rminos de uso, usted est\u00e1 aceptando que toda demanda o conflicto de cualquier tipo, ya sea en virtud de un contrato, acuerdo extracontractual o por disposici\u00f3n de la ley u otro (incluyendo pero sin limitarse a todas las demandas y conflictos en virtud de la Ley Telef\u00f3nica de Protecci\u00f3n al Consumidor o leyes equivalentes, y todos los conflictos relacionados con la validez, interpretaci\u00f3n y alcance de esta disposici\u00f3n de arbitraje o la arbitrabilidad de cualquier demanda o conflicto) derivado o relacionado de cualquier manera con estos T\u00e9rminos de uso, su uso de este sitio web, cualquier relaci\u00f3n que resultare o transacci\u00f3n con Bluefire Specialty, o cualquier comunicaci\u00f3n que pueda recibir de o en nombre de<strong> <\/strong>Bluefire Specialty, est\u00e1 sujeto a <strong>arbitraje individual obligatorio y vinculante<\/strong>. Esto incluye a t\u00edtulo enunciativo m\u00e1s no limitativo, toda demanda y conflicto entre usted (incluyendo a sus sucesores y cesionarios) y Bluefire Specialty, demandas contra terceros que provean productos o servicios en conexi\u00f3n con estos T\u00e9rminos de uso o este sitio web, o demandas contra nuestros sucesores, cesionarios, compa\u00f1\u00edas matrices, subsidiarias, empleados, funcionarios, directores, empresas afiliadas y agentes, pero excluye demandas estrictamente para medidas resarcitorias p\u00fablicas o demandas y conflictos que puedan ser interpuestos individualmente en la corte de reclamos menores bajo la ley aplicable. El arbitraje deber\u00e1 ser administrado por la Asociaci\u00f3n Americana de Arbitraje (\u201cAAA\u201d por sus siglas en ingl\u00e9s), resuelto de conformidad con la Ley Federal de Arbitraje (la ley \u201cFAA\u201d) y regido por las Normas Comerciales de la Asociaci\u00f3n Americana de Arbitraje (las \u201cNormas de la AAA\u201d) vigentes al momento de la demanda o conflicto, las cuales est\u00e1n disponibles en <a href=\"http:\/\/www.adr.org\" target=\"_blank\" rel=\"noopener\"><strong>www.adr.org<\/strong><\/a>. Previo a presentar una demanda de arbitraje ante la AAA, las partes deber\u00e1n procurar, de buena fe, alcanzar una resoluci\u00f3n informal de cualquier conflicto en un periodo de treinta (30) d\u00edas y deber\u00e1n notificar cualquier conflicto en un tiempo razonablemente oportuno a la otra parte (Bluefire Specialty puede ser notificado a <a href=\"mailto:customercare@confie.com\"><strong>customercare@confie.com<\/strong><\/a>). Si la demanda o conflicto no puede ser resuelto informalmente dentro de este periodo de tiempo, entonces el proceso de arbitraje podr\u00e1 y deber\u00e1 dar inicio sin demora y la otra parte deber\u00e1 ser notificada de inmediato acerca del inicio del proceso de arbitraje. El \u00e1rbitro tendr\u00e1 la autoridad \u00fanica y exclusiva para resolver todos los asuntos del arbitraje, y deber\u00e1 aplicar el derecho substantivo de conformidad con la ley FAA y las Normas de la AAA durante el arbitraje; toda vez, no obstante, que el \u00e1rbitro no tendr\u00e1 la autoridad de conducir un arbitraje colectivo ni de cambiar la disposici\u00f3n de renuncia de demandas colectivas contenida en el presente Convenio de arbitraje. La audiencia de arbitraje deber\u00e1 ser conducida en el distrito federal en el que usted resida o de manera remota o mediante presentaci\u00f3n de documentos. <strong>AL CELEBRAR ESTE CONVENIO DE ARBITRAJE, USTED EST\u00c1 RENUNCIANDO A LOS DERECHOS DE INTERPONER UNA DEMANDA EN UN JUZGADO, JUICIO MEDIANTE JURADO O ENTABLAR O PARTICIPAR EN UNA DEMANDA COLECTIVA, YA SEA COMO REPRESENTANTE DE LOS GRUPOS DEMANDANTES O COMO MIEMBRO DE ELLOS<\/strong>. Si cualquier parte de este Convenio de arbitraje o de los T\u00e9rminos de uso resultare nula o no pudiera hacerse exigible, dicha nulidad o inexigibilidad no afectar\u00e1 las disposiciones restantes de los T\u00e9rminos de uso o de este Convenio de arbitraje. Para evitar cualquier duda, ninguna demanda colectiva podr\u00e1 proceder a menos que las disposiciones de renuncia a demandas colectivas o la prohibici\u00f3n contra arbitraje colectivo contenidas en este Convenio resultaran nulas o no pudieran hacerse exigibles.<\/p>\n\n\n\n<h2 class=\"wp-block-heading\">Limitaciones de responsabilidad<\/h2>\n\n\n\n<p><strong>Bluefire Specialty<\/strong> no ser\u00e1 responsable ante usted (ya sea en virtud de la ley de contratos, el derecho de responsabilidad extracontractual, o cualquier otro) en relaci\u00f3n con el contenido, uso o en conexi\u00f3n con este sitio web, de p\u00e9rdidas indirectas, especiales o consecuentes; o de p\u00e9rdidas en el negocio, p\u00e9rdida de ganancias, ingresos, utilidades o ahorros previstos, p\u00e9rdida de contratos o relaciones comerciales, p\u00e9rdida de reputaci\u00f3n o buena voluntad, o p\u00e9rdida o corrupci\u00f3n de informaci\u00f3n o datos. Estas limitaciones de responsabilidad aplican a\u00fan cuando <strong>Bluefire Specialty<\/strong> haya sido expresamente advertida sobre la p\u00e9rdida potencial.<\/p>\n\n\n\n<h2 class=\"wp-block-heading\">Renuncia de garant\u00eda<\/h2>\n\n\n\n<p>El contenido y materiales en este sitio se proporcionan \u201ctal cual\u201d, sin declaraciones o garant\u00edas de ning\u00fan tipo, ya sea expresas o impl\u00edcitas. En la m\u00e1xima medida permitida por la ley, <strong>Bluefire Specialty<\/strong> expresamente renuncia a todas las garant\u00edas, expresas o impl\u00edcitas, con respecto a este sitio, incluyendo a t\u00edtulo enunciativo, m\u00e1s no limitativo, garant\u00edas impl\u00edcitas de comerciabilidad, idoneidad para un prop\u00f3sito particular y ausencia de infracciones. <strong>Bluefire Specialty<\/strong> no garantiza ni declara que las funciones u operaciones de este sitio ser\u00e1n ininterrumpidas o libres de error, que los defectos ser\u00e1n corregidos, o que este sitio, sus servidores o correos electr\u00f3nicos enviados por <strong>Bluefire Specialty<\/strong> est\u00e9n libres de virus u otros componentes perjudiciales.<\/p>\n\n\n\n<h2 class=\"wp-block-heading\">Excepciones<\/h2>\n\n\n\n<p>Nada de lo contenido en esta renuncia de responsabilidad de sitio web excluir\u00e1 o limitar\u00e1 garant\u00edas impl\u00edcitas por la ley que ser\u00eda il\u00edcito excluir o limitar; y nada en esta renuncia de responsabilidad de sitio web excluir\u00e1 o limitar\u00e1 la responsabilidad de <strong>Bluefire Specialty <\/strong>con respecto a: muerte o lesi\u00f3n personal producida por negligencia de <strong>Bluefire Specialty<\/strong>; fraude o tergiversaci\u00f3n fraudulenta por parte de <strong>Bluefire Specialty<\/strong> o en materia en la que ser\u00eda ilegal o il\u00edcito que <strong>Bluefire Specialty<\/strong> excluyera o limitara, o intentara o pretendiera excluir o limitar, su responsabilidad.<\/p>\n\n\n\n<h2 class=\"wp-block-heading\">Razonabilidad<\/h2>\n\n\n\n<p>Al usar este sitio web, usted acepta que las exclusiones y limitaciones de responsabilidad estipuladas en esta renuncia de responsabilidad son razonables. En caso de pensar que no son razonables, no deber\u00e1 usar este sitio web.<\/p>\n\n\n\n<h2 class=\"wp-block-heading\">Disposiciones inaplicables<\/h2>\n\n\n\n<p>Si alguna de las disposiciones en la presente renuncia de responsabilidad de sitio web no pudiera hacerse exigible, o se determinar\u00e1 que es inaplicable en virtud de la ley correspondiente, esto no afectar\u00e1 la exigibilidad de las dem\u00e1s disposiciones de esta renuncia de sitio web.<\/p>\n\n\n\n<h2 class=\"wp-block-heading\">Indemnizaci\u00f3n<\/h2>\n\n\n\n<p>Por este medio usted libera a <strong>Bluefire Specialty<\/strong> de responsabilidad y se compromete a mantener indemne a <strong>Bluefire Specialty<\/strong> contra toda p\u00e9rdida, da\u00f1o, costo, responsabilidad o gasto (incluyendo sin limitaci\u00f3n costas legales y cantidades pagadas por <strong>Bluefire Specialty<\/strong> a terceros para resolver un reclamo o disputa bajo la asesor\u00eda de los consultores legales de <strong>Bluefire Specialty<\/strong>) incurrido o sufrido por <strong>Bluefire Specialty<\/strong> como resultado de una violaci\u00f3n a alguna de las disposiciones de estos t\u00e9rminos y condiciones cometida por usted, o como resultado de alguna demanda por incumplimiento suyo a alguna disposici\u00f3n de estos t\u00e9rminos y condiciones.<\/p>\n\n\n\n<h2 class=\"wp-block-heading\">Violaciones a estos t\u00e9rminos y condiciones<\/h2>\n\n\n\n<p>Sin perjuicio a otros derechos de <strong>Bluefire Specialty<\/strong> en virtud de estos t\u00e9rminos y condiciones, si usted incumple estos t\u00e9rminos y condiciones de cualquier manera, <strong>Bluefire Specialty<\/strong> podr\u00e1 tomar la acci\u00f3n que <strong>Bluefire Specialty<\/strong> considere apropiada para tratar con el incumplimiento, incluyendo suspender su acceso al sitio web, prohibir que usted acceda al sitio web, bloquear las computadoras que utilizan su direcci\u00f3n IP para acceder al sitio web, comunicarse con su proveedor de servicios de internet para solicitar que bloqueen su acceso al sitio web y\/o entablar procesos judiciales contra usted.<\/p>\n\n\n\n<h2 class=\"wp-block-heading\">Sitios de terceros<\/h2>\n\n\n\n<p>Este sitio web contiene enlaces a otros sitios web de Internet (\u201cSitios de Terceros\u201d) que no son mantenidos por <strong>Bluefire Specialty<\/strong>. Estos enlaces se proporcionan \u00fanicamente para su conveniencia. <strong>Bluefire Specialty <\/strong>no se hace responsable ni ofrece garant\u00edas sobre el contenido de dichos Sitios de Terceros, los productos o servicios ofrecidos por los mismos o el cumplimiento con propiedad intelectual dentro de los mismos. Recomendamos que se tome el tiempo para leer las pol\u00edticas de privacidad y acuerdos de usuario de estos sitios.<\/p>\n\n\n\n<h2 class=\"wp-block-heading\">Pol\u00edtica de ideas enviadas<\/h2>\n\n\n\n<p>Cuando usted env\u00eda ideas o materiales a <strong>Bluefire Specialty <\/strong>(\u201cEnv\u00edos\u201d), como para mercadeo, publicidad, promociones, concursos, productos, servicios, dispositivos, procesos, marcas registradas, logos, artes, m\u00fasica, fotos o v\u00eddeos, usted otorga a <strong>Bluefire Specialty<\/strong> un derecho y licencia perpetua, irrevocable, mundial, libre de regal\u00edas para usar, modificar, publicar, divulgar o explotar el Env\u00edo a discreci\u00f3n de <strong>Bluefire Specialty<\/strong>.<\/p>\n\n\n\n<h2 class=\"wp-block-heading\">Actualizaciones<\/h2>\n\n\n\n<p><strong>Bluefire Specialty<\/strong> puede modificar estos t\u00e9rminos y condiciones de tiempo en tiempo. Estos t\u00e9rminos y condiciones actualizados aplicar\u00e1n al uso de este sitio web a partir de la fecha de la publicaci\u00f3n de los t\u00e9rminos y condiciones modificados en este sitio web. Por favor revise esta p\u00e1gina regularmente para asegurar mantenerse familiarizado con la versi\u00f3n vigente.<\/p>\n\n\n\n<h2 class=\"wp-block-heading\">Cesi\u00f3n<\/h2>\n\n\n\n<p><strong>Bluefire Specialty<\/strong> puede transferir, subcontratar o negociar de otra manera los derechos y\/u obligaciones de <strong>Bluefire Specialty<\/strong> en virtud de estos t\u00e9rminos y condiciones sin tener que notific\u00e1rselo u obtener su consentimiento. Usted no puede transferir, subcontratar ni negociar de manera alguna sus derechos y\/u obligaciones en virtud de estos t\u00e9rminos y condiciones.<\/p>\n\n\n\n<h2 class=\"wp-block-heading\">Nulidad parcial<\/h2>\n\n\n\n<p>Si alguna corte o autoridad competente determinara que alguna de las disposiciones en estos t\u00e9rminos y condiciones es ilegal y\/o inaplicable, las dem\u00e1s disposiciones continuar\u00e1n en pleno vigor y efecto. Si alguna disposici\u00f3n ilegal y\/o inaplicable pudiera cobrar legalidad y exigibilidad de ser eliminada una parte de la misma, dicha parte ser\u00e1 considerada eliminada y el resto de la disposici\u00f3n continuar\u00e1 en pleno vigor y efecto.<\/p>\n\n\n\n<h2 class=\"wp-block-heading\">Acuerdo integral \/ exigibilidad<\/h2>\n\n\n\n<p>Estos t\u00e9rminos y condiciones constituyen el acuerdo integral entre usted y <strong>Bluefire Specialty <\/strong>en relaci\u00f3n con su uso de este sitio web, y substituye todos los acuerdos previos con respecto al uso por parte suya de este sitio web. Si cualquiera de las disposiciones en estos T\u00e9rminos de Uso resultare nula, ineficaz o no pudiera hacerse exigible por cualquier motivo, entonces la disposici\u00f3n nula, ineficaz o inexigible deber\u00e1 ser separada y eliminada del resto de las disposiciones. Dicha disposici\u00f3n nula, ineficaz o inaplicable no afectar\u00e1 la validez o exigibilidad del resto de las disposiciones.<\/p>\n\n\n\n<h2 class=\"wp-block-heading\">Pol\u00edtica de privacidad<\/h2>\n\n\n\n<p>Por favor revise nuestra Pol\u00edtica de Privacidad, la cual tambi\u00e9n rige su visita al sitio web. Puede ver la Pol\u00edtica de Privacidad visitando <a href=\"https:\/\/www.bluefirespecialty.com\/es\/politicas-de-privacidad\/\"><strong>https:\/\/www.bluefirespecialty.com\/es\/politicas-de-privacidad\/<\/strong><\/a><\/p>\n\n\n\n<h2 class=\"wp-block-heading\">Ley aplicable y jurisdicci\u00f3n<\/h2>\n\n\n\n<p>El uso de este sitio web deber\u00e1 regirse y ser interpretado de conformidad con las leyes del Estado de California sin dar efecto a principios de conflictos de leyes. Las disputas concernientes a este sitio deber\u00e1n estar sujetas al foro exclusivo de una corte de jurisdicci\u00f3n competente en Los \u00c1ngeles, California.<\/p>\n\n\n\n<p><strong>\u00daltima actualizaci\u00f3n: 22 de julio de 2022<\/strong><\/p>\n","protected":false},"excerpt":{"rendered":"<p>El uso de este sitio web est\u00e1 expresamente condicionado a su aceptaci\u00f3n de estos T\u00e9rminos de Uso. Si no est\u00e1 de acuerdo con alguna parte de los T\u00e9rminos de Uso, no utilice este sitio web. Usted debe tener por lo menos 18 a\u00f1os de edad para usar este sitio web. El uso de este sitio [&hellip;]<\/p>\n","protected":false},"author":1,"featured_media":0,"parent":0,"menu_order":0,"comment_status":"closed","ping_status":"closed","template":"template-pages\/terms-of-use.php","meta":{"footnotes":""},"_links":{"self":[{"href":"https:\/\/www.bluefirespecialty.com\/es\/wp-json\/wp\/v2\/pages\/7"}],"collection":[{"href":"https:\/\/www.bluefirespecialty.com\/es\/wp-json\/wp\/v2\/pages"}],"about":[{"href":"https:\/\/www.bluefirespecialty.com\/es\/wp-json\/wp\/v2\/types\/page"}],"author":[{"embeddable":true,"href":"https:\/\/www.bluefirespecialty.com\/es\/wp-json\/wp\/v2\/users\/1"}],"replies":[{"embeddable":true,"href":"https:\/\/www.bluefirespecialty.com\/es\/wp-json\/wp\/v2\/comments?post=7"}],"version-history":[{"count":15,"href":"https:\/\/www.bluefirespecialty.com\/es\/wp-json\/wp\/v2\/pages\/7\/revisions"}],"predecessor-version":[{"id":51,"href":"https:\/\/www.bluefirespecialty.com\/es\/wp-json\/wp\/v2\/pages\/7\/revisions\/51"}],"wp:attachment":[{"href":"https:\/\/www.bluefirespecialty.com\/es\/wp-json\/wp\/v2\/media?parent=7"}],"curies":[{"name":"wp","href":"https:\/\/api.w.org\/{rel}","templated":true}]}}